{"id":2631,"date":"2019-09-11T08:16:47","date_gmt":"2019-09-11T08:16:47","guid":{"rendered":"https:\/\/www.kpcivilsociety.org\/?page_id=2631"},"modified":"2020-05-11T10:10:37","modified_gmt":"2020-05-11T10:10:37","slug":"ressources","status":"publish","type":"page","link":"https:\/\/www.kpcivilsociety.org\/fr\/ressources\/","title":{"rendered":"Ressources"},"content":{"rendered":"\n<p>Pour plus d&#8217;informations sur le secteur du diamant, consultez les sites web suivants <\/p>\n\n\n\n<h3 class=\"wp-block-heading\">Le Processus de Kimberley <\/h3>\n\n\n\n<ul class=\"wp-block-list\"><li>Le Processus de Kimberley  &#8211; <a href=\"https:\/\/www.kimberleyprocess.com\/fr\">https:\/\/www.kimberleyprocess.com\/fr<\/a><\/li><li>Kimberley Process Rough Diamond Statistics &#8211; <a rel=\"noreferrer noopener\" href=\"https:\/\/kimberleyprocessstatistics.org\/\" target=\"_blank\">https:\/\/kimberleyprocessstatistics.org\/<\/a><\/li><\/ul>\n\n\n\n<h3 class=\"wp-block-heading\">La Soci\u00e9t\u00e9 Civile <\/h3>\n\n\n\n<p>Les acteurs de la soci\u00e9t\u00e9 civile suivants ont \u00e9galement entrepris des travaux relatifs aux diamants de la guerre et\/ou \u00e0 la bonne gouvernance dans le secteur du diamant :<\/p>\n\n\n\n<ul class=\"wp-block-list\"><li>Amnesty International &#8211; <a rel=\"noreferrer noopener\" aria-label=\"https:\/\/www.amnesty.org\/en (opens in a new tab)\" href=\"https:\/\/www.amnesty.org\/fr\/\" target=\"_blank\">https:\/\/www.amnesty.org\/fr<\/a><\/li><li>Center for Natural Resource Governance (CNRG) &#8211; <a rel=\"noreferrer noopener\" aria-label=\" (opens in a new tab)\" href=\"http:\/\/cnrgzim.org\/\" target=\"_blank\">http:\/\/cnrgzim.org<\/a><\/li><li>Centre du Commerce International pour le D\u00e9veloppement (CECIDE) &#8211; <a rel=\"noreferrer noopener\" aria-label=\" (opens in a new tab)\" href=\"http:\/\/www.cecide.org\/\" target=\"_blank\">http:\/\/www.cecide.org<\/a><\/li><li>Centre National d&#8217;Appui au D\u00e9veloppement et \u00e0 la Participation Populaire (CENADEP) &#8211; <a rel=\"noreferrer noopener\" aria-label=\" (opens in a new tab)\" href=\"http:\/\/www.cenadepasbl.org\/\" target=\"_blank\">http:\/\/www.cenadepasbl.org<\/a><\/li><li>Global Witness &#8211; <a rel=\"noreferrer noopener\" aria-label=\" (opens in a new tab)\" href=\"https:\/\/www.globalwitness.org\/fr\/\" target=\"_blank\">https:\/\/www.globalwitness.org\/fr<\/a><\/li><li>Green Advocates &#8211; <a rel=\"noreferrer noopener\" aria-label=\" (opens in a new tab)\" href=\"http:\/\/www.greenadvocates.org\/\" target=\"_blank\">http:\/\/www.greenadvocates.org<\/a><\/li><li>Human Rights Watch &#8211; <a rel=\"noreferrer noopener\" aria-label=\"https:\/\/www.hrw.org (opens in a new tab)\" href=\"https:\/\/www.hrw.org\/fr\" target=\"_blank\">https:\/\/www.hrw.org<\/a><\/li><li>IMPACT Transform (formerly, Partnership Africa Canada) &#8211; <a rel=\"noreferrer noopener\" aria-label=\"https:\/\/impacttransform.org\/en (opens in a new tab)\" href=\"https:\/\/impacttransform.org\/fr\/\" target=\"_blank\">https:\/\/impacttransform.org\/fr<\/a><\/li><li>International Crisis Group &#8211; <a rel=\"noreferrer noopener\" href=\"https:\/\/www.crisisgroup.org\/\" target=\"_blank\">https:\/\/www.crisisgroup.org<\/a><\/li><li>International Peace Information Service (IPIS) &#8211; <a rel=\"noreferrer noopener\" aria-label=\" (opens in a new tab)\" href=\"https:\/\/ipisresearch.be\/\" target=\"_blank\">https:\/\/ipisresearch.be<\/a><\/li><li>Maluti Community Development Forum (MCDF) &#8211; <a rel=\"noreferrer noopener\" aria-label=\" (opens in a new tab)\" href=\"http:\/\/www.malutiforum.org.ls\/\" target=\"_blank\">http:\/\/www.malutiforum.org.ls<\/a><\/li><li>Network Movement for Justice and Development (NMJD) &#8211; <a rel=\"noreferrer noopener\" aria-label=\" (opens in a new tab)\" href=\"http:\/\/www.nmjdsl.org\/\" target=\"_blank\">http:\/\/www.nmjdsl.org<\/a><\/li><li>R\u00e9seau de Lutte contre la Faim (RELUFA) &#8211; <a rel=\"noreferrer noopener\" aria-label=\" (opens in a new tab)\" href=\"http:\/\/www.relufa.org\/\" target=\"_blank\">http:\/\/www.relufa.org<\/a><\/li><li>World Policy &#8211; <a rel=\"noreferrer noopener\" href=\"https:\/\/worldpolicy.org\/\" target=\"_blank\">https:\/\/worldpolicy.org<\/a><\/li><li>Zimbabwe Environmental Lawyers Association (ZELA) &#8211; <a rel=\"noreferrer noopener\" aria-label=\" (opens in a new tab)\" href=\"http:\/\/www.zela.org\/\" target=\"_blank\">http:\/\/www.zela.org<\/a><\/li><\/ul>\n\n\n\n<h3 class=\"wp-block-heading\">L&#8217;industrie du diamant <\/h3>\n\n\n\n<ul class=\"wp-block-list\"><li>International Diamond Manufacturers Association (IDMA) &#8211; <a rel=\"noreferrer noopener\" aria-label=\" (opens in a new tab)\" href=\"http:\/\/idma.co\" target=\"_blank\">http:\/\/idma.co<\/a><\/li><li>World Diamond Council (WDC) &#8211; <a rel=\"noreferrer noopener\" aria-label=\" (opens in a new tab)\" href=\"http:\/\/www.worlddiamondcouncil.com\/\" target=\"_blank\">http:\/\/www.worlddiamondcouncil.com<\/a><\/li><li>World Federation of Diamond Bourses &#8211; <a href=\"https:\/\/www.wfdb.com\">https:\/\/www.wfdb.com<\/a><\/li><\/ul>\n\n\n\n<h3 class=\"wp-block-heading\">Initiatives intergouvernementales <\/h3>\n\n\n\n<ul class=\"wp-block-list\"><li>Africa Mining Vision (AMV) &#8211; <a rel=\"noreferrer noopener\" href=\"http:\/\/www.africaminingvision.org\/\" target=\"_blank\">http:\/\/www.africaminingvision.org<\/a><\/li><li>African Diamond Producers Association &#8211; <a rel=\"noreferrer noopener\" aria-label=\" (opens in a new tab)\" href=\"https:\/\/www.kimberleyprocess.com\/en\/african-diamonds-producers-association-adpa\" target=\"_blank\">https:\/\/www.kimberleyprocess.com\/en\/african-diamonds-producers-association-adpa<\/a><\/li><li>African Minerals Development Centre &#8211; <a rel=\"noreferrer noopener\" aria-label=\" (opens in a new tab)\" href=\"https:\/\/www.uneca.org\/amdc\" target=\"_blank\">https:\/\/www.uneca.org\/amdc<\/a><\/li><li>Financial Action Task Force &#8211; <a rel=\"noreferrer noopener\" aria-label=\" (opens in a new tab)\" href=\"https:\/\/www.fatf-gafi.org\/\" target=\"_blank\">https:\/\/www.fatf-gafi.org<\/a><\/li><li>United Nations General Assembly &#8211; <a rel=\"noreferrer noopener\" aria-label=\" (opens in a new tab)\" href=\"https:\/\/www.un.org\/en\/ga\/\" target=\"_blank\">https:\/\/www.un.org\/en\/ga<\/a><\/li><\/ul>\n\n\n\n<h3 class=\"wp-block-heading\">Autres initiatives pertinentes<\/h3>\n\n\n\n<ul class=\"wp-block-list\"><li>Diamond Development Initiative (DDI) &#8211; <a rel=\"noreferrer noopener\" href=\"http:\/\/ddiglobal.org\/\" target=\"_blank\">http:\/\/ddiglobal.org<\/a><\/li><li>Extractive Industries Transparency Initiative &#8211; <a rel=\"noreferrer noopener\" aria-label=\" (opens in a new tab)\" href=\"https:\/\/eiti.org\/\" target=\"_blank\">https:\/\/eiti.org<\/a><\/li><li> Intergovernmental Forum on mining, minerals, metals and sustainabile development &#8211; <a rel=\"noreferrer noopener\" aria-label=\" (opens in a new tab)\" href=\"https:\/\/www.igfmining.org\/about\/\" target=\"_blank\">https:\/\/www.igfmining.org<\/a><\/li><li> OECD Guidance on Responsible Sourcing of minerals from conflict affected and high risk areas &#8211; <a rel=\"noreferrer noopener\" aria-label=\" (opens in a new tab)\" href=\"https:\/\/www.oecd.org\/corporate\/mne\/mining.htm\" target=\"_blank\">https:\/\/www.oecd.org\/corporate\/mne\/mining.htm<\/a><\/li><li>PRADD\/USAID &#8211; <a rel=\"noreferrer noopener\" aria-label=\" (opens in a new tab)\" href=\"https:\/\/land-links.org\/document\/program-brief-property-rights-and-artisanal-diamond-development-pradd\/\" target=\"_blank\">https:\/\/land-links.org\/document\/program-brief-property-rights-and-artisanal-diamond-development-pradd\/<\/a><\/li><li>UN Guiding Principles on Business and Human Rights &#8211; <a rel=\"noreferrer noopener\" aria-label=\" (opens in a new tab)\" href=\"https:\/\/www.ohchr.org\/Documents\/Publications\/GuidingPrinciplesBusinessHR_FR.pdf\" target=\"_blank\">https:\/\/www.ohchr.org\/Documents\/Publications\/GuidingPrinciplesBusinessHR_F<\/a><a href=\"https:\/\/www.ohchr.org\/Documents\/Publications\/GuidingPrinciplesBusinessHR_FR.pdf\" target=\"_blank\" rel=\"noreferrer noopener\" aria-label=\" (opens in a new tab)\">R<\/a><a rel=\"noreferrer noopener\" aria-label=\" (opens in a new tab)\" href=\"https:\/\/www.ohchr.org\/Documents\/Publications\/GuidingPrinciplesBusinessHR_FR.pdf\" target=\"_blank\">.pdf<\/a><\/li><li>Voluntary Principles on Security and Human Rights &#8211; <a rel=\"noreferrer noopener\" aria-label=\" (opens in a new tab)\" href=\"https:\/\/www.voluntaryprinciples.org\/\" target=\"_blank\">https:\/\/www.voluntaryprinciples.org\/<\/a><\/li><\/ul>\n\n\n\n<p><\/p>\n","protected":false},"excerpt":{"rendered":"<p>Pour plus d&#8217;informations sur le secteur du diamant, consultez les sites web suivants Le Processus de Kimberley Le Processus de Kimberley &#8211; https:\/\/www.kimberleyprocess.com\/fr Kimberley Process Rough Diamond Statistics &#8211; https:\/\/kimberleyprocessstatistics.org\/ La Soci\u00e9t\u00e9 Civile Les acteurs de la soci\u00e9t\u00e9 civile suivants ont \u00e9galement entrepris des travaux relatifs aux diamants de la guerre et\/ou \u00e0 la bonne [&hellip;]<\/p>\n","protected":false},"author":1,"featured_media":2747,"parent":0,"menu_order":6,"comment_status":"closed","ping_status":"closed","template":"","meta":{"_acf_changed":false,"footnotes":""},"class_list":["post-2631","page","type-page","status-publish","has-post-thumbnail","hentry"],"acf":[],"featured_image_src":"https:\/\/www.kpcivilsociety.org\/wp-content\/uploads\/2019\/10\/CAR_Ngola1.jpg","featured_image_src_square":"https:\/\/www.kpcivilsociety.org\/wp-content\/uploads\/2019\/10\/CAR_Ngola1.jpg","_links":{"self":[{"href":"https:\/\/www.kpcivilsociety.org\/fr\/wp-json\/wp\/v2\/pages\/2631","targetHints":{"allow":["GET"]}}],"collection":[{"href":"https:\/\/www.kpcivilsociety.org\/fr\/wp-json\/wp\/v2\/pages"}],"about":[{"href":"https:\/\/www.kpcivilsociety.org\/fr\/wp-json\/wp\/v2\/types\/page"}],"author":[{"embeddable":true,"href":"https:\/\/www.kpcivilsociety.org\/fr\/wp-json\/wp\/v2\/users\/1"}],"replies":[{"embeddable":true,"href":"https:\/\/www.kpcivilsociety.org\/fr\/wp-json\/wp\/v2\/comments?post=2631"}],"version-history":[{"count":4,"href":"https:\/\/www.kpcivilsociety.org\/fr\/wp-json\/wp\/v2\/pages\/2631\/revisions"}],"predecessor-version":[{"id":3104,"href":"https:\/\/www.kpcivilsociety.org\/fr\/wp-json\/wp\/v2\/pages\/2631\/revisions\/3104"}],"wp:featuredmedia":[{"embeddable":true,"href":"https:\/\/www.kpcivilsociety.org\/fr\/wp-json\/wp\/v2\/media\/2747"}],"wp:attachment":[{"href":"https:\/\/www.kpcivilsociety.org\/fr\/wp-json\/wp\/v2\/media?parent=2631"}],"curies":[{"name":"wp","href":"https:\/\/api.w.org\/{rel}","templated":true}]}}